{"id":273,"date":"2019-03-03T18:34:24","date_gmt":"2019-03-03T17:34:24","guid":{"rendered":"https:\/\/www.dsp-plettenberg.de\/wp-test\/?page_id=273"},"modified":"2019-05-13T12:14:29","modified_gmt":"2019-05-13T10:14:29","slug":"fussbehandlung","status":"publish","type":"page","link":"https:\/\/www.dsp-plettenberg.de\/wp-test\/fussbehandlung\/","title":{"rendered":"Fu\u00dfbehandlung"},"content":{"rendered":"\n<p>Behandlung Folgekomplikationen<\/p>\n\n\n\n<p>Schaubilder<\/p>\n\n\n\n<p>Strukturierte Fu\u00dfbehandlung \/ Wundmanagement<\/p>\n\n\n\n<p>Fu\u00dfentlastungsschuhwerk<\/p>\n\n\n\n<p>Nach Ambulanter Betreeung M\u00f6glichkeit station\u00e4rer Behandlung im Krankenhaus Plettenberg<\/p>\n","protected":false},"excerpt":{"rendered":"<p>Behandlung Folgekomplikationen Schaubilder Strukturierte Fu\u00dfbehandlung \/ Wundmanagement Fu\u00dfentlastungsschuhwerk Nach Ambulanter Betreeung M\u00f6glichkeit station\u00e4rer Behandlung im Krankenhaus Plettenberg<\/p>\n","protected":false},"author":1,"featured_media":53,"parent":0,"menu_order":0,"comment_status":"closed","ping_status":"closed","template":"","meta":[],"_links":{"self":[{"href":"https:\/\/www.dsp-plettenberg.de\/wp-test\/wp-json\/wp\/v2\/pages\/273"}],"collection":[{"href":"https:\/\/www.dsp-plettenberg.de\/wp-test\/wp-json\/wp\/v2\/pages"}],"about":[{"href":"https:\/\/www.dsp-plettenberg.de\/wp-test\/wp-json\/wp\/v2\/types\/page"}],"author":[{"embeddable":true,"href":"https:\/\/www.dsp-plettenberg.de\/wp-test\/wp-json\/wp\/v2\/users\/1"}],"replies":[{"embeddable":true,"href":"https:\/\/www.dsp-plettenberg.de\/wp-test\/wp-json\/wp\/v2\/comments?post=273"}],"version-history":[{"count":2,"href":"https:\/\/www.dsp-plettenberg.de\/wp-test\/wp-json\/wp\/v2\/pages\/273\/revisions"}],"predecessor-version":[{"id":468,"href":"https:\/\/www.dsp-plettenberg.de\/wp-test\/wp-json\/wp\/v2\/pages\/273\/revisions\/468"}],"wp:featuredmedia":[{"embeddable":true,"href":"https:\/\/www.dsp-plettenberg.de\/wp-test\/wp-json\/wp\/v2\/media\/53"}],"wp:attachment":[{"href":"https:\/\/www.dsp-plettenberg.de\/wp-test\/wp-json\/wp\/v2\/media?parent=273"}],"curies":[{"name":"wp","href":"https:\/\/api.w.org\/{rel}","templated":true}]}}